{"id":629,"date":"2020-03-02T10:55:47","date_gmt":"2020-03-02T09:55:47","guid":{"rendered":"http:\/\/www.mondoufficiobg.it\/wp\/?page_id=629"},"modified":"2020-03-02T10:59:02","modified_gmt":"2020-03-02T09:59:02","slug":"informativa-privacy","status":"publish","type":"page","link":"https:\/\/www.mondoufficiobg.it\/wp\/?page_id=629","title":{"rendered":"Informativa Privacy"},"content":{"rendered":"\n<p><strong>INFORMATIVA PRIVACY AI SENSI  DELL\u2019 ARTICOLO 13  DEL REGOLAMENTO N. 2016\/679\/UE  (cd GDPR)<\/strong><\/p>\n\n\n\n<p>In osservanza di quanto previsto dalle disposizioni in  materia di tutela dei dati personali, Mondo Ufficio Srl con la  presente informativa intende comunicarle le dovute indicazioni in ordine  alle finalit\u00e0 e alle modalit\u00e0 del trattamento dei dati personali che ci  ha fornito al fine di usufruire dei nostri prodotti e servizi. L&#8217;uso  dei suoi dati personali sar\u00e0 improntato ai principi di correttezza e  trasparenza, nel rispetto della normativa vigente a tutela della sua  riservatezza.<\/p>\n\n\n\n<p><strong>Titolare del trattamento<\/strong><\/p>\n\n\n\n<p>Titolare del trattamento \u00e8 Mondo Ufficio Srl in piazzale Donnino Rumi 17 Almenno S.B. (BG) , al quale potr\u00e0 rivolgersi per  esercitare i diritti richiamati di seguito mediante il semplice invio di  una richiesta all\u2019indirizzo di posta elettronica <a rel=\"noreferrer noopener\" aria-label=\" (opens in a new tab)\" href=\"mailto:info@mondoufficiobg.it\" target=\"_blank\">Mondo Ufficio Srl<\/a> <\/p>\n\n\n\n<p><strong>Finalit\u00e0<\/strong><\/p>\n\n\n\n<p> Ai sensi dell\u2019articolo 13 del regolamento n. \n2016\/679\/UE, Buffetti, nella qualit\u00e0 di Titolare del trattamento, \ninforma che i dati personali dell\u2019Interessato, saranno oggetto di \ntrattamento:<\/p>\n\n\n\n<ul class=\"wp-block-list\"><li>A)\tal fine di gestire il rapporto contrattuale riguardante la fornitura di beni e servizi acquisiti dall\u2019Interessato;<\/li><li>B)\tal fine di rilevazione della qualit\u00e0 dei beni e servizi forniti;<\/li><li>C)\tai fini di informazione commerciale, di invio di \nmateriale pubblicitario, newsletter, proposte ed offerte commerciali, di\n concorsi e manifestazioni a premi, di ricerche di mercato;<\/li><li>D)\tal fine di trasferimento presso societ\u00e0 terze per \nla gestione delle operazioni a premi e per altre iniziative di natura \ncommerciale;<\/li><li>E)\tal fine di effettuare attivit\u00e0 di profilazione, \nossia per analizzare aspetti riguardanti le preferenze e gli interessi \npersonali per proporre prodotti e servizi sempre pi\u00f9 mirate alle \nesigenze dell\u2019Interessato.<\/li><\/ul>\n\n\n\n<p><strong>Natura del trattamento<\/strong><\/p>\n\n\n\n<p>Il trattamento di dati personali \u00e8:<\/p>\n\n\n\n<ul class=\"wp-block-list\"><li>obbligatorio, per quanto attiene alle finalit\u00e0 A) e \nB), in quanto saranno utilizzati da Buffetti per gestire il rapporto \ncontrattuale con l\u2019Interessato;<\/li><li>facoltativo, per quanto attiene alle finalit\u00e0 C), D) e\n E). Il mancato consenso al trattamento facoltativo avr\u00e0 come \nconseguenza che l\u2019Interessato non potr\u00e0 accedere alle operazioni a premi\n e Buffetti non fornir\u00e0 informazioni commerciali, n\u00e9 invier\u00e0 materiale \npubblicitario, proposte ed offerte promozionali.<\/li><\/ul>\n\n\n\n<p><strong>Comunicazione a soggetti terzi<\/strong><\/p>\n\n\n\n<p> I dati personali saranno comunicati ai soggetti terzi  coinvolti nelle attivit\u00e0 necessarie per le finalit\u00e0 A) e B) ovvero per  l\u2019esecuzione del contratto in essere.               Potranno inoltre essere trasmessi a societ\u00e0 terze qualora  l\u2019Interessato abbia dato il proprio consenso ai trattamenti relativi  alla finalit\u00e0 D) ed E). I soggetti esterni che possono venire a  conoscenza dei dati personali ovvero ai quali gli stessi dati sono  comunicati per quanto di loro specifica competenza, possono essere  soggetti pubblici e privati coinvolti nei rapporti commerciali in atto,  persone fisiche e\/o giuridiche che svolgano attivit\u00e0 strumentali o  complementari a quelle di Buffetti, imprese finanziarie e\/o aziende di  credito commerciali, soggetti esterni che svolgono specifici incarichi  per conto di Buffetti ivi compresi gli Affiliati Buffetti, ossia  soggetti che hanno sottoscritto con Buffetti un contratto di  affiliazione commerciale riguardante la vendita dei prodotti e servizi.  Non sono previsti trasferimenti di dati personali fuori dal territorio  dell\u2019Unione Europea.<\/p>\n\n\n\n<p><strong>Diritti dell\u2019Interessato<\/strong><\/p>\n\n\n\n<p>In ogni momento Lei potr\u00e0 esercitare, ai sensi degli \nartt. da 15 a 22 del Regolamento n. 2016\/679\/UE, i diritti ivi indicati \ned in particolare:<\/p>\n\n\n\n<ul class=\"wp-block-list\"><li>Diritto di accesso &#8211; Ottenere conferma che sia o meno \nin corso un trattamento di dati personali che La riguardano e, in tal \ncaso, ricevere informazioni relative, in particolare, a finalit\u00e0 del \ntrattamento, categorie di dati personali trattati e periodo di \nconservazione, destinatari cui questi possono essere comunicati \n(articolo 15, GDPR)<\/li><li>Diritto di rettifica &#8211; Ottenere, senza ingiustificato \nritardo, la rettifica dei dati personali inesatti che La riguardano e \nl\u2019integrazione dei dati personali incompleti (articolo 16, GDPR)<\/li><li>Diritto alla cancellazione &#8211; Ottenere, senza \ningiustificato ritardo, la cancellazione dei dati personali che La \nriguardano, nei casi previsti dal GDPR (articolo 17, GDPR)<\/li><li>Diritto di limitazione &#8211; Ottenere dal Titolare la limitazione del trattamento, nei casi previsti dal GDPR (articolo 18, GDPR)<\/li><li>Diritto alla portabilit\u00e0 &#8211; Ricevere in un formato \nstrutturato, di uso comune e leggibile da un dispositivo automatico, i \ndati personali che La riguardano forniti al Titolare, nonch\u00e9 ottenere \nche gli stessi siano trasmessi ad altro titolare senza impedimenti, nei \ncasi previsti dal GDPR (articolo 20, GDPR)<\/li><li>Diritto di opposizione &#8211; Opporsi al trattamento dei \ndati personali che La riguardano, in particolare in relazione al \ntrattamento dei dati personali che La riguardano ai sensi dell\u2019articolo \n6, paragrafo 1, lettere e) o f) e qualora i dati personali siano \ntrattati per finalit\u00e0 di marketing diretto compresa la profilazione \n(articolo 21, GDPR)<\/li><li>Diritto di proporre reclamo all\u2019autorit\u00e0 di controllo &#8211;\n Proporre reclamo all\u2019Autorit\u00e0 Garante per la protezione dei dati \npersonali (art 15 GDPR) Piazza di Montecitorio n. 121, 00186, Roma (RM).<\/li><\/ul>\n\n\n\n<p> Lei potr\u00e0 esercitare tali diritti mediante il semplice invio di una richiesta al Titolare del trattamento all\u2019indirizzo e-mail <a rel=\"noreferrer noopener\" aria-label=\" (opens in a new tab)\" href=\"mailto:info@mondoufficiobg.it\" target=\"_blank\">Mondo Ufficio Srl<\/a><\/p>\n\n\n\n<p><strong>Periodo di conservazione<\/strong><\/p>\n\n\n\n<p>I dati raccolti saranno conservati per un periodo non  superiore a quanto necessario all\u2019espletamento del contratto e  conformemente alla normativa vigente.<strong> <\/strong><\/p>\n\n\n\n<p><strong>Modalit\u00e0 del trattamento<\/strong><\/p>\n\n\n\n<p>Il trattamento dei dati personali dell\u2019Interessato \u00e8  realizzato per mezzo delle operazioni indicate all\u2019articolo 4, comma 2  del GDPR, quali ad esempio la raccolta, la registrazione e la  conservazione, compiute con o senza l\u2019ausilio di sistemi informatici.                In ogni caso, sar\u00e0 garantita la sicurezza logica e fisica  dei dati e, in generale, la riservatezza dei dati personali trattati,  mettendo in atto tutte le necessarie misure tecniche e organizzative  adeguate a garantire la loro sicurezza.<\/p>\n\n\n\n<p><strong>Almenno S.B.    02\/03\/2020<\/strong><\/p>\n","protected":false},"excerpt":{"rendered":"<p>INFORMATIVA PRIVACY AI SENSI DELL\u2019 ARTICOLO 13 DEL REGOLAMENTO N. 2016\/679\/UE (cd GDPR) In osservanza di quanto previsto dalle disposizioni<\/p>\n","protected":false},"author":1,"featured_media":631,"parent":0,"menu_order":0,"comment_status":"closed","ping_status":"closed","template":"","meta":{"footnotes":""},"class_list":["post-629","page","type-page","status-publish","has-post-thumbnail","hentry"],"_links":{"self":[{"href":"https:\/\/www.mondoufficiobg.it\/wp\/index.php?rest_route=\/wp\/v2\/pages\/629"}],"collection":[{"href":"https:\/\/www.mondoufficiobg.it\/wp\/index.php?rest_route=\/wp\/v2\/pages"}],"about":[{"href":"https:\/\/www.mondoufficiobg.it\/wp\/index.php?rest_route=\/wp\/v2\/types\/page"}],"author":[{"embeddable":true,"href":"https:\/\/www.mondoufficiobg.it\/wp\/index.php?rest_route=\/wp\/v2\/users\/1"}],"replies":[{"embeddable":true,"href":"https:\/\/www.mondoufficiobg.it\/wp\/index.php?rest_route=%2Fwp%2Fv2%2Fcomments&post=629"}],"version-history":[{"count":1,"href":"https:\/\/www.mondoufficiobg.it\/wp\/index.php?rest_route=\/wp\/v2\/pages\/629\/revisions"}],"predecessor-version":[{"id":630,"href":"https:\/\/www.mondoufficiobg.it\/wp\/index.php?rest_route=\/wp\/v2\/pages\/629\/revisions\/630"}],"wp:featuredmedia":[{"embeddable":true,"href":"https:\/\/www.mondoufficiobg.it\/wp\/index.php?rest_route=\/wp\/v2\/media\/631"}],"wp:attachment":[{"href":"https:\/\/www.mondoufficiobg.it\/wp\/index.php?rest_route=%2Fwp%2Fv2%2Fmedia&parent=629"}],"curies":[{"name":"wp","href":"https:\/\/api.w.org\/{rel}","templated":true}]}}